{"id":237,"date":"2020-04-15T15:36:27","date_gmt":"2020-04-15T13:36:27","guid":{"rendered":"http:\/\/www.hobby-toepferei.ch\/?page_id=237"},"modified":"2022-11-21T16:38:38","modified_gmt":"2022-11-21T15:38:38","slug":"about-us","status":"publish","type":"page","link":"https:\/\/www.hobby-toepferei.ch\/?page_id=237","title":{"rendered":"\u00dcBER MICH"},"content":{"rendered":"<div class=\"boldgrid-section\">\n<div class=\"container\">\n<div class=\"row gridblock\">\n<div class=\"col-md-6 col-xs-12 col-sm-12 col-lg-6\">\n<h2 class=\"\">wo Ton zum Leben erwacht<\/h2>\n<h4 class=\"\">by Hanna Fretz<\/h4>\n<div class=\"row gridblock\">\n<div class=\"col-md-12 col-xs-12 col-sm-12 col-lg-12\">\n<div class=\"row bg-editor-hr-wrap\">\n<div class=\"col-md-12 col-xs-12 col-sm-12 col-lg-12\">\n<hr>\n<\/div>\n<\/div>\n<\/div>\n<\/div>\n<p class=\"\">Seit vielen Jahren fasziniert mich die T\u00f6pferei.&nbsp; In diversen Kursen habe ich mir verschiedene Techniken angeeignet &#8211; angefangen mit der &#8222;Wulst&#8220;-Technik, \u00fcber Plattentechnik, Modellieren, Aufbau bis hin zum Drehen an der Scheibe.<\/p>\n<p class=\"\">Im Jahr 1998 erf\u00fcllte ich mir den grossen Traum eines eigenen Brennofens. Den T\u00f6pferkeller konnte ich bereits im Jahr 1996 im Zuge unseres Neubaus realisieren. Seither ist er Ort des gemeinsamen Werkens &#8211; mehr dazu finden Sie unter Punkt &#8222;Offene Werkstatt&#8220;.<\/p>\n<div class=\"gridblock\"><\/div>\n<\/div>\n<div class=\"col-md-6 col-sm-12 col-xs-12 col-lg-6\">\n<p class=\"mod-img\"><img loading=\"lazy\" decoding=\"async\" class=\"alignnone wp-image-249 size-full\" src=\"https:\/\/www.hobby-toepferei.ch\/wp-content\/uploads\/2020\/04\/aHR0cHM6Ly9zb3VyY2UudW5zcGxhc2guY29tLzYzcFA2X0Zsbk1ZLzYwMHg0NTA_3D-imhwpb-wsnb232r7vp46aq.jpg\" alt=\"\" width=\"600\" height=\"450\" data-imhwpb-asset-id=\"780377\" srcset=\"https:\/\/www.hobby-toepferei.ch\/wp-content\/uploads\/2020\/04\/aHR0cHM6Ly9zb3VyY2UudW5zcGxhc2guY29tLzYzcFA2X0Zsbk1ZLzYwMHg0NTA_3D-imhwpb-wsnb232r7vp46aq.jpg 600w, https:\/\/www.hobby-toepferei.ch\/wp-content\/uploads\/2020\/04\/aHR0cHM6Ly9zb3VyY2UudW5zcGxhc2guY29tLzYzcFA2X0Zsbk1ZLzYwMHg0NTA_3D-imhwpb-wsnb232r7vp46aq-300x225.jpg 300w, https:\/\/www.hobby-toepferei.ch\/wp-content\/uploads\/2020\/04\/aHR0cHM6Ly9zb3VyY2UudW5zcGxhc2guY29tLzYzcFA2X0Zsbk1ZLzYwMHg0NTA_3D-imhwpb-wsnb232r7vp46aq-250x188.jpg 250w, https:\/\/www.hobby-toepferei.ch\/wp-content\/uploads\/2020\/04\/aHR0cHM6Ly9zb3VyY2UudW5zcGxhc2guY29tLzYzcFA2X0Zsbk1ZLzYwMHg0NTA_3D-imhwpb-wsnb232r7vp46aq-550x413.jpg 550w, https:\/\/www.hobby-toepferei.ch\/wp-content\/uploads\/2020\/04\/aHR0cHM6Ly9zb3VyY2UudW5zcGxhc2guY29tLzYzcFA2X0Zsbk1ZLzYwMHg0NTA_3D-imhwpb-wsnb232r7vp46aq-240x180.jpg 240w, https:\/\/www.hobby-toepferei.ch\/wp-content\/uploads\/2020\/04\/aHR0cHM6Ly9zb3VyY2UudW5zcGxhc2guY29tLzYzcFA2X0Zsbk1ZLzYwMHg0NTA_3D-imhwpb-wsnb232r7vp46aq-400x300.jpg 400w\" sizes=\"auto, (max-width: 600px) 100vw, 600px\" \/><\/p>\n<p>&nbsp;<\/p>\n<\/div>\n<\/div>\n<div class=\"row gridblock\">\n<div class=\"col-md-6 col-margin-bottom text-center col-xs-12 col-sm-12 col-lg-6\">\n<p class=\"mod-reset\"><a class=\"shutterset_\" title=\" \" href=\"https:\/\/www.hobby-toepferei.ch\/wp-content\/gallery\/hanna\/IMG_6939.jpg\" data-image-id=\"133\" data-src=\"https:\/\/www.hobby-toepferei.ch\/wp-content\/gallery\/hanna\/IMG_6939.jpg\" data-thumbnail=\"https:\/\/www.hobby-toepferei.ch\/wp-content\/gallery\/hanna\/thumbs\/thumbs_IMG_6939.jpg\" data-title=\"hanna_tessin\" data-description=\" \"><img loading=\"lazy\" decoding=\"async\" class=\"ngg-singlepic ngg-none\" src=\"https:\/\/www.hobby-toepferei.ch\/wp-content\/gallery\/hanna\/thumbs\/thumbs_IMG_6939.jpg\" alt=\"hanna_tessin\" width=\"475\" height=\"356\"><\/a><\/p>\n<p class=\"mod-img\">&nbsp;<\/p>\n<\/div>\n<div class=\"col-md-6 col-margin-bottom col-xs-12 col-sm-12 col-lg-6\">\n<h2 class=\"\">&nbsp;<\/h2>\n<div class=\"row gridblock\">\n<div class=\"col-md-12 col-xs-12 col-sm-12 col-lg-12\">\n<div>\n<div class=\"row bg-editor-hr-wrap\">\n<div class=\"col-md-12 col-xs-12 col-sm-12 col-lg-12\">\n<div>Meine grosse Faszination gilt den Tieren. Nicht die stilistische Art, sondern so weit wie m\u00f6glich naturgetreue Nachbildungen haben es mir angetan. Auf meinen Reisen lasse ich mich immer wieder von exotischen Tieren inspirieren &#8211; so entstanden bereits Elefanten, Nash\u00f6rner, Giraffen, L\u00f6wen und Schildkr\u00f6ten. Bilder dazu finden Sie in der Galerie.<\/div>\n<\/div>\n<\/div>\n<\/div>\n<\/div>\n<\/div>\n<p class=\"\">Im Juli 2013 z\u00fcgelte ich das ganze T\u00f6pferatelier in die hellen R\u00e4ume der ehemaligen Raiffeisenbank. Dies bietet mir einen grossen Werkraum, 2 Nebenr\u00e4ume auch f\u00fcr den Brennofen und einen permanenten Ausstellungsraum sowie ein Schaufenster.<\/p>\n<p class=\"\">Das T\u00f6pfern gab mir den Ausgleich zu meinem Beruf als Pflegefachfrau in leitender Position. Seit M\u00e4rz 2014 habe ich mich aus dem Berufsleben zur\u00fcckgezogen und widme mich seither ganz meinem Hobby.<\/p>\n<div class=\"row gridblock\">\n<div class=\"mod-space\"><\/div>\n<\/div>\n<div class=\"gridblock\">\n<p class=\"p-button-primary\"><a class=\"button-primary button-overrides\" href=\"https:\/\/www.hobby-toepferei.ch\/?page_id=107\">Galerie <\/a><\/p>\n<\/div>\n<\/div>\n<\/div>\n<div class=\"row\">\n<div class=\"col-md-12 col-xs-12 col-sm-12 col-lg-12\"><\/div>\n<\/div>\n<\/div>\n<\/div>\n<div class=\"boldgrid-section\">\n<div class=\"container\"><\/div>\n<\/div>\n<div class=\"boldgrid-section\">\n<div class=\"container\">\n<div class=\"row\">\n<div class=\"col-md-12 col-xs-12 col-sm-12 col-lg-12\"><\/div>\n<\/div>\n<\/div>\n<\/div>\n<div class=\"boldgrid-section\">\n<div class=\"container\"><\/div>\n<\/div>\n<div class=\"boldgrid-section\">\n<div class=\"container\">\n<div class=\"row\">\n<div class=\"col-md-12 col-xs-12 col-sm-12 col-lg-12\"><\/div>\n<\/div>\n<\/div>\n<\/div>\n<div class=\"boldgrid-section\">\n<div class=\"container\">\n<div class=\"row\">\n<div class=\"col-md-12 col-xs-12 col-sm-12 col-lg-12\"><\/div>\n<\/div>\n<\/div>\n<\/div>\n<div class=\"boldgrid-section\">\n<div class=\"container\"><\/div>\n<\/div>\n","protected":false},"excerpt":{"rendered":"<p>wo Ton zum Leben erwacht by Hanna Fretz Seit vielen Jahren fasziniert mich die T\u00f6pferei.&nbsp; In diversen Kursen habe ich mir verschiedene Techniken angeeignet &#8211; angefangen mit der &#8222;Wulst&#8220;-Technik, \u00fcber Plattentechnik, Modellieren, Aufbau bis hin zum Drehen an der Scheibe. Im Jahr 1998 erf\u00fcllte ich mir den grossen Traum eines eigenen Brennofens. Den T\u00f6pferkeller konnte [&hellip;]<\/p>\n","protected":false},"author":1,"featured_media":0,"parent":0,"menu_order":0,"comment_status":"closed","ping_status":"closed","template":"","meta":{"bgseo_title":"","bgseo_description":"","bgseo_robots_index":"index","bgseo_robots_follow":"follow","ngg_post_thumbnail":0,"footnotes":""},"class_list":["post-237","page","type-page","status-publish"],"_links":{"self":[{"href":"https:\/\/www.hobby-toepferei.ch\/index.php?rest_route=\/wp\/v2\/pages\/237","targetHints":{"allow":["GET"]}}],"collection":[{"href":"https:\/\/www.hobby-toepferei.ch\/index.php?rest_route=\/wp\/v2\/pages"}],"about":[{"href":"https:\/\/www.hobby-toepferei.ch\/index.php?rest_route=\/wp\/v2\/types\/page"}],"author":[{"embeddable":true,"href":"https:\/\/www.hobby-toepferei.ch\/index.php?rest_route=\/wp\/v2\/users\/1"}],"replies":[{"embeddable":true,"href":"https:\/\/www.hobby-toepferei.ch\/index.php?rest_route=%2Fwp%2Fv2%2Fcomments&post=237"}],"version-history":[{"count":0,"href":"https:\/\/www.hobby-toepferei.ch\/index.php?rest_route=\/wp\/v2\/pages\/237\/revisions"}],"wp:attachment":[{"href":"https:\/\/www.hobby-toepferei.ch\/index.php?rest_route=%2Fwp%2Fv2%2Fmedia&parent=237"}],"curies":[{"name":"wp","href":"https:\/\/api.w.org\/{rel}","templated":true}]}}